{"id":12821,"date":"2017-08-22T14:12:59","date_gmt":"2017-08-22T11:12:59","guid":{"rendered":"https:\/\/ermatiko.ee\/tootmine-ja-kvaliteet\/"},"modified":"2018-05-07T13:55:45","modified_gmt":"2018-05-07T10:55:45","slug":"herstellung-und-qualitaet","status":"publish","type":"page","link":"https:\/\/ermatiko.ee\/de\/herstellung-und-qualitaet\/","title":{"rendered":"Herstellung und Qualit\u00e4t"},"content":{"rendered":"","protected":false},"excerpt":{"rendered":"","protected":false},"author":1,"featured_media":0,"parent":0,"menu_order":20,"comment_status":"closed","ping_status":"closed","template":"","meta":{"_acf_changed":false,"inline_featured_image":false,"footnotes":""},"class_list":["post-12821","page","type-page","status-publish","hentry"],"acf":[],"yoast_head":"<!-- This site is optimized with the Yoast SEO plugin v25.6 - https:\/\/yoast.com\/wordpress\/plugins\/seo\/ -->\n<title>Herstellung und Qualit\u00e4t - Ermatiko<\/title>\n<meta name=\"description\" content=\"Tootmine ja kvaliteet. Toodete kvaliteet on meile v\u00e4ga oluline. Ka k\u00f5ige n\u00f5udlikumad kliendid tunnevad meie m\u00f6\u00f6blist r\u00f5\u00f5mu.Valime oma materjalide tarnijad v\u00e4ga hoolikalt, mist\u00f5ttu oleme nende toodangu kvaliteedis kindlad. Karkassi tootmisel kasutame ainult t\u00e4ispuitu ja vineeri, tagades nii m\u00f6\u00f6bli pika vastupidavuse.\" \/>\n<meta name=\"robots\" content=\"index, follow, max-snippet:-1, max-image-preview:large, max-video-preview:-1\" \/>\n<link rel=\"canonical\" href=\"https:\/\/ermatiko.ee\/de\/herstellung-und-qualitaet\/\" \/>\n<meta property=\"og:locale\" content=\"de_DE\" \/>\n<meta property=\"og:type\" content=\"article\" \/>\n<meta property=\"og:title\" content=\"Herstellung und Qualit\u00e4t - Ermatiko\" \/>\n<meta property=\"og:description\" content=\"Tootmine ja kvaliteet. Toodete kvaliteet on meile v\u00e4ga oluline. Ka k\u00f5ige n\u00f5udlikumad kliendid tunnevad meie m\u00f6\u00f6blist r\u00f5\u00f5mu.Valime oma materjalide tarnijad v\u00e4ga hoolikalt, mist\u00f5ttu oleme nende toodangu kvaliteedis kindlad. Karkassi tootmisel kasutame ainult t\u00e4ispuitu ja vineeri, tagades nii m\u00f6\u00f6bli pika vastupidavuse.\" \/>\n<meta property=\"og:url\" content=\"https:\/\/ermatiko.ee\/de\/herstellung-und-qualitaet\/\" \/>\n<meta property=\"og:site_name\" content=\"Ermatiko\" \/>\n<meta property=\"article:modified_time\" content=\"2018-05-07T10:55:45+00:00\" \/>\n<meta name=\"twitter:card\" content=\"summary_large_image\" \/>\n<script type=\"application\/ld+json\" class=\"yoast-schema-graph\">{\"@context\":\"https:\/\/schema.org\",\"@graph\":[{\"@type\":\"WebPage\",\"@id\":\"https:\/\/ermatiko.ee\/de\/herstellung-und-qualitaet\/\",\"url\":\"https:\/\/ermatiko.ee\/de\/herstellung-und-qualitaet\/\",\"name\":\"Herstellung und Qualit\u00e4t - Ermatiko\",\"isPartOf\":{\"@id\":\"https:\/\/ermatiko.ee\/fi\/#website\"},\"datePublished\":\"2017-08-22T11:12:59+00:00\",\"dateModified\":\"2018-05-07T10:55:45+00:00\",\"description\":\"Tootmine ja kvaliteet. Toodete kvaliteet on meile v\u00e4ga oluline. Ka k\u00f5ige n\u00f5udlikumad kliendid tunnevad meie m\u00f6\u00f6blist r\u00f5\u00f5mu.Valime oma materjalide tarnijad v\u00e4ga hoolikalt, mist\u00f5ttu oleme nende toodangu kvaliteedis kindlad. Karkassi tootmisel kasutame ainult t\u00e4ispuitu ja vineeri, tagades nii m\u00f6\u00f6bli pika vastupidavuse.\",\"breadcrumb\":{\"@id\":\"https:\/\/ermatiko.ee\/de\/herstellung-und-qualitaet\/#breadcrumb\"},\"inLanguage\":\"de\",\"potentialAction\":[{\"@type\":\"ReadAction\",\"target\":[\"https:\/\/ermatiko.ee\/de\/herstellung-und-qualitaet\/\"]}]},{\"@type\":\"BreadcrumbList\",\"@id\":\"https:\/\/ermatiko.ee\/de\/herstellung-und-qualitaet\/#breadcrumb\",\"itemListElement\":[{\"@type\":\"ListItem\",\"position\":1,\"name\":\"Home\",\"item\":\"https:\/\/ermatiko.ee\/de\/\"},{\"@type\":\"ListItem\",\"position\":2,\"name\":\"Herstellung und Qualit\u00e4t\"}]},{\"@type\":\"WebSite\",\"@id\":\"https:\/\/ermatiko.ee\/fi\/#website\",\"url\":\"https:\/\/ermatiko.ee\/fi\/\",\"name\":\"Ermatiko\",\"description\":\"\",\"potentialAction\":[{\"@type\":\"SearchAction\",\"target\":{\"@type\":\"EntryPoint\",\"urlTemplate\":\"https:\/\/ermatiko.ee\/fi\/?s={search_term_string}\"},\"query-input\":{\"@type\":\"PropertyValueSpecification\",\"valueRequired\":true,\"valueName\":\"search_term_string\"}}],\"inLanguage\":\"de\"}]}<\/script>\n<!-- \/ Yoast SEO plugin. -->","yoast_head_json":{"title":"Herstellung und Qualit\u00e4t - Ermatiko","description":"Tootmine ja kvaliteet. Toodete kvaliteet on meile v\u00e4ga oluline. Ka k\u00f5ige n\u00f5udlikumad kliendid tunnevad meie m\u00f6\u00f6blist r\u00f5\u00f5mu.Valime oma materjalide tarnijad v\u00e4ga hoolikalt, mist\u00f5ttu oleme nende toodangu kvaliteedis kindlad. Karkassi tootmisel kasutame ainult t\u00e4ispuitu ja vineeri, tagades nii m\u00f6\u00f6bli pika vastupidavuse.","robots":{"index":"index","follow":"follow","max-snippet":"max-snippet:-1","max-image-preview":"max-image-preview:large","max-video-preview":"max-video-preview:-1"},"canonical":"https:\/\/ermatiko.ee\/de\/herstellung-und-qualitaet\/","og_locale":"de_DE","og_type":"article","og_title":"Herstellung und Qualit\u00e4t - Ermatiko","og_description":"Tootmine ja kvaliteet. Toodete kvaliteet on meile v\u00e4ga oluline. Ka k\u00f5ige n\u00f5udlikumad kliendid tunnevad meie m\u00f6\u00f6blist r\u00f5\u00f5mu.Valime oma materjalide tarnijad v\u00e4ga hoolikalt, mist\u00f5ttu oleme nende toodangu kvaliteedis kindlad. Karkassi tootmisel kasutame ainult t\u00e4ispuitu ja vineeri, tagades nii m\u00f6\u00f6bli pika vastupidavuse.","og_url":"https:\/\/ermatiko.ee\/de\/herstellung-und-qualitaet\/","og_site_name":"Ermatiko","article_modified_time":"2018-05-07T10:55:45+00:00","twitter_card":"summary_large_image","schema":{"@context":"https:\/\/schema.org","@graph":[{"@type":"WebPage","@id":"https:\/\/ermatiko.ee\/de\/herstellung-und-qualitaet\/","url":"https:\/\/ermatiko.ee\/de\/herstellung-und-qualitaet\/","name":"Herstellung und Qualit\u00e4t - Ermatiko","isPartOf":{"@id":"https:\/\/ermatiko.ee\/fi\/#website"},"datePublished":"2017-08-22T11:12:59+00:00","dateModified":"2018-05-07T10:55:45+00:00","description":"Tootmine ja kvaliteet. Toodete kvaliteet on meile v\u00e4ga oluline. Ka k\u00f5ige n\u00f5udlikumad kliendid tunnevad meie m\u00f6\u00f6blist r\u00f5\u00f5mu.Valime oma materjalide tarnijad v\u00e4ga hoolikalt, mist\u00f5ttu oleme nende toodangu kvaliteedis kindlad. Karkassi tootmisel kasutame ainult t\u00e4ispuitu ja vineeri, tagades nii m\u00f6\u00f6bli pika vastupidavuse.","breadcrumb":{"@id":"https:\/\/ermatiko.ee\/de\/herstellung-und-qualitaet\/#breadcrumb"},"inLanguage":"de","potentialAction":[{"@type":"ReadAction","target":["https:\/\/ermatiko.ee\/de\/herstellung-und-qualitaet\/"]}]},{"@type":"BreadcrumbList","@id":"https:\/\/ermatiko.ee\/de\/herstellung-und-qualitaet\/#breadcrumb","itemListElement":[{"@type":"ListItem","position":1,"name":"Home","item":"https:\/\/ermatiko.ee\/de\/"},{"@type":"ListItem","position":2,"name":"Herstellung und Qualit\u00e4t"}]},{"@type":"WebSite","@id":"https:\/\/ermatiko.ee\/fi\/#website","url":"https:\/\/ermatiko.ee\/fi\/","name":"Ermatiko","description":"","potentialAction":[{"@type":"SearchAction","target":{"@type":"EntryPoint","urlTemplate":"https:\/\/ermatiko.ee\/fi\/?s={search_term_string}"},"query-input":{"@type":"PropertyValueSpecification","valueRequired":true,"valueName":"search_term_string"}}],"inLanguage":"de"}]}},"jetpack_sharing_enabled":true,"jetpack_shortlink":"https:\/\/wp.me\/P9Je0v-3kN","_links":{"self":[{"href":"https:\/\/ermatiko.ee\/de\/wp-json\/wp\/v2\/pages\/12821"}],"collection":[{"href":"https:\/\/ermatiko.ee\/de\/wp-json\/wp\/v2\/pages"}],"about":[{"href":"https:\/\/ermatiko.ee\/de\/wp-json\/wp\/v2\/types\/page"}],"author":[{"embeddable":true,"href":"https:\/\/ermatiko.ee\/de\/wp-json\/wp\/v2\/users\/1"}],"replies":[{"embeddable":true,"href":"https:\/\/ermatiko.ee\/de\/wp-json\/wp\/v2\/comments?post=12821"}],"version-history":[{"count":3,"href":"https:\/\/ermatiko.ee\/de\/wp-json\/wp\/v2\/pages\/12821\/revisions"}],"predecessor-version":[{"id":13207,"href":"https:\/\/ermatiko.ee\/de\/wp-json\/wp\/v2\/pages\/12821\/revisions\/13207"}],"wp:attachment":[{"href":"https:\/\/ermatiko.ee\/de\/wp-json\/wp\/v2\/media?parent=12821"}],"curies":[{"name":"wp","href":"https:\/\/api.w.org\/{rel}","templated":true}]}}