{"id":12825,"date":"2017-08-22T14:13:10","date_gmt":"2017-08-22T11:13:10","guid":{"rendered":"https:\/\/ermatiko.ee\/tootearendus\/"},"modified":"2018-05-07T13:57:56","modified_gmt":"2018-05-07T10:57:56","slug":"produktentwicklung","status":"publish","type":"page","link":"https:\/\/ermatiko.ee\/de\/produktentwicklung\/","title":{"rendered":"Produktentwicklung"},"content":{"rendered":"","protected":false},"excerpt":{"rendered":"","protected":false},"author":1,"featured_media":0,"parent":0,"menu_order":30,"comment_status":"closed","ping_status":"closed","template":"","meta":{"_acf_changed":false,"inline_featured_image":false,"footnotes":""},"class_list":["post-12825","page","type-page","status-publish","hentry"],"acf":[],"yoast_head":"<!-- This site is optimized with the Yoast SEO plugin v25.6 - https:\/\/yoast.com\/wordpress\/plugins\/seo\/ -->\n<title>Produktentwicklung - Ermatiko<\/title>\n<meta name=\"description\" content=\"Tootearendus. Meie tootelahendus on originaalne ja vastab turu vajadustele.Meie m\u00f6\u00f6bel on m\u00fc\u00fcgil paljudes riikides. Osaleme oma toodetega tavaliselt 3\u20135 rahvusvahelisel messil aastas. Meie kogenud disainerid ja kompetentsed tehnoloogid on kursis nii hetke- kui ka tulevikutrendidega.\" \/>\n<meta name=\"robots\" content=\"index, follow, max-snippet:-1, max-image-preview:large, max-video-preview:-1\" \/>\n<link rel=\"canonical\" href=\"https:\/\/ermatiko.ee\/de\/produktentwicklung\/\" \/>\n<meta property=\"og:locale\" content=\"de_DE\" \/>\n<meta property=\"og:type\" content=\"article\" \/>\n<meta property=\"og:title\" content=\"Produktentwicklung - Ermatiko\" \/>\n<meta property=\"og:description\" content=\"Tootearendus. Meie tootelahendus on originaalne ja vastab turu vajadustele.Meie m\u00f6\u00f6bel on m\u00fc\u00fcgil paljudes riikides. Osaleme oma toodetega tavaliselt 3\u20135 rahvusvahelisel messil aastas. Meie kogenud disainerid ja kompetentsed tehnoloogid on kursis nii hetke- kui ka tulevikutrendidega.\" \/>\n<meta property=\"og:url\" content=\"https:\/\/ermatiko.ee\/de\/produktentwicklung\/\" \/>\n<meta property=\"og:site_name\" content=\"Ermatiko\" \/>\n<meta property=\"article:modified_time\" content=\"2018-05-07T10:57:56+00:00\" \/>\n<meta name=\"twitter:card\" content=\"summary_large_image\" \/>\n<script type=\"application\/ld+json\" class=\"yoast-schema-graph\">{\"@context\":\"https:\/\/schema.org\",\"@graph\":[{\"@type\":\"WebPage\",\"@id\":\"https:\/\/ermatiko.ee\/de\/produktentwicklung\/\",\"url\":\"https:\/\/ermatiko.ee\/de\/produktentwicklung\/\",\"name\":\"Produktentwicklung - Ermatiko\",\"isPartOf\":{\"@id\":\"https:\/\/ermatiko.ee\/fi\/#website\"},\"datePublished\":\"2017-08-22T11:13:10+00:00\",\"dateModified\":\"2018-05-07T10:57:56+00:00\",\"description\":\"Tootearendus. Meie tootelahendus on originaalne ja vastab turu vajadustele.Meie m\u00f6\u00f6bel on m\u00fc\u00fcgil paljudes riikides. Osaleme oma toodetega tavaliselt 3\u20135 rahvusvahelisel messil aastas. Meie kogenud disainerid ja kompetentsed tehnoloogid on kursis nii hetke- kui ka tulevikutrendidega.\",\"breadcrumb\":{\"@id\":\"https:\/\/ermatiko.ee\/de\/produktentwicklung\/#breadcrumb\"},\"inLanguage\":\"de\",\"potentialAction\":[{\"@type\":\"ReadAction\",\"target\":[\"https:\/\/ermatiko.ee\/de\/produktentwicklung\/\"]}]},{\"@type\":\"BreadcrumbList\",\"@id\":\"https:\/\/ermatiko.ee\/de\/produktentwicklung\/#breadcrumb\",\"itemListElement\":[{\"@type\":\"ListItem\",\"position\":1,\"name\":\"Home\",\"item\":\"https:\/\/ermatiko.ee\/de\/\"},{\"@type\":\"ListItem\",\"position\":2,\"name\":\"Produktentwicklung\"}]},{\"@type\":\"WebSite\",\"@id\":\"https:\/\/ermatiko.ee\/fi\/#website\",\"url\":\"https:\/\/ermatiko.ee\/fi\/\",\"name\":\"Ermatiko\",\"description\":\"\",\"potentialAction\":[{\"@type\":\"SearchAction\",\"target\":{\"@type\":\"EntryPoint\",\"urlTemplate\":\"https:\/\/ermatiko.ee\/fi\/?s={search_term_string}\"},\"query-input\":{\"@type\":\"PropertyValueSpecification\",\"valueRequired\":true,\"valueName\":\"search_term_string\"}}],\"inLanguage\":\"de\"}]}<\/script>\n<!-- \/ Yoast SEO plugin. -->","yoast_head_json":{"title":"Produktentwicklung - Ermatiko","description":"Tootearendus. Meie tootelahendus on originaalne ja vastab turu vajadustele.Meie m\u00f6\u00f6bel on m\u00fc\u00fcgil paljudes riikides. Osaleme oma toodetega tavaliselt 3\u20135 rahvusvahelisel messil aastas. Meie kogenud disainerid ja kompetentsed tehnoloogid on kursis nii hetke- kui ka tulevikutrendidega.","robots":{"index":"index","follow":"follow","max-snippet":"max-snippet:-1","max-image-preview":"max-image-preview:large","max-video-preview":"max-video-preview:-1"},"canonical":"https:\/\/ermatiko.ee\/de\/produktentwicklung\/","og_locale":"de_DE","og_type":"article","og_title":"Produktentwicklung - Ermatiko","og_description":"Tootearendus. Meie tootelahendus on originaalne ja vastab turu vajadustele.Meie m\u00f6\u00f6bel on m\u00fc\u00fcgil paljudes riikides. Osaleme oma toodetega tavaliselt 3\u20135 rahvusvahelisel messil aastas. Meie kogenud disainerid ja kompetentsed tehnoloogid on kursis nii hetke- kui ka tulevikutrendidega.","og_url":"https:\/\/ermatiko.ee\/de\/produktentwicklung\/","og_site_name":"Ermatiko","article_modified_time":"2018-05-07T10:57:56+00:00","twitter_card":"summary_large_image","schema":{"@context":"https:\/\/schema.org","@graph":[{"@type":"WebPage","@id":"https:\/\/ermatiko.ee\/de\/produktentwicklung\/","url":"https:\/\/ermatiko.ee\/de\/produktentwicklung\/","name":"Produktentwicklung - Ermatiko","isPartOf":{"@id":"https:\/\/ermatiko.ee\/fi\/#website"},"datePublished":"2017-08-22T11:13:10+00:00","dateModified":"2018-05-07T10:57:56+00:00","description":"Tootearendus. Meie tootelahendus on originaalne ja vastab turu vajadustele.Meie m\u00f6\u00f6bel on m\u00fc\u00fcgil paljudes riikides. Osaleme oma toodetega tavaliselt 3\u20135 rahvusvahelisel messil aastas. Meie kogenud disainerid ja kompetentsed tehnoloogid on kursis nii hetke- kui ka tulevikutrendidega.","breadcrumb":{"@id":"https:\/\/ermatiko.ee\/de\/produktentwicklung\/#breadcrumb"},"inLanguage":"de","potentialAction":[{"@type":"ReadAction","target":["https:\/\/ermatiko.ee\/de\/produktentwicklung\/"]}]},{"@type":"BreadcrumbList","@id":"https:\/\/ermatiko.ee\/de\/produktentwicklung\/#breadcrumb","itemListElement":[{"@type":"ListItem","position":1,"name":"Home","item":"https:\/\/ermatiko.ee\/de\/"},{"@type":"ListItem","position":2,"name":"Produktentwicklung"}]},{"@type":"WebSite","@id":"https:\/\/ermatiko.ee\/fi\/#website","url":"https:\/\/ermatiko.ee\/fi\/","name":"Ermatiko","description":"","potentialAction":[{"@type":"SearchAction","target":{"@type":"EntryPoint","urlTemplate":"https:\/\/ermatiko.ee\/fi\/?s={search_term_string}"},"query-input":{"@type":"PropertyValueSpecification","valueRequired":true,"valueName":"search_term_string"}}],"inLanguage":"de"}]}},"jetpack_sharing_enabled":true,"jetpack_shortlink":"https:\/\/wp.me\/P9Je0v-3kR","_links":{"self":[{"href":"https:\/\/ermatiko.ee\/de\/wp-json\/wp\/v2\/pages\/12825"}],"collection":[{"href":"https:\/\/ermatiko.ee\/de\/wp-json\/wp\/v2\/pages"}],"about":[{"href":"https:\/\/ermatiko.ee\/de\/wp-json\/wp\/v2\/types\/page"}],"author":[{"embeddable":true,"href":"https:\/\/ermatiko.ee\/de\/wp-json\/wp\/v2\/users\/1"}],"replies":[{"embeddable":true,"href":"https:\/\/ermatiko.ee\/de\/wp-json\/wp\/v2\/comments?post=12825"}],"version-history":[{"count":3,"href":"https:\/\/ermatiko.ee\/de\/wp-json\/wp\/v2\/pages\/12825\/revisions"}],"predecessor-version":[{"id":13210,"href":"https:\/\/ermatiko.ee\/de\/wp-json\/wp\/v2\/pages\/12825\/revisions\/13210"}],"wp:attachment":[{"href":"https:\/\/ermatiko.ee\/de\/wp-json\/wp\/v2\/media?parent=12825"}],"curies":[{"name":"wp","href":"https:\/\/api.w.org\/{rel}","templated":true}]}}