{"id":12819,"date":"2017-08-22T14:12:59","date_gmt":"2017-08-22T11:12:59","guid":{"rendered":"https:\/\/ermatiko.ee\/tootmine-ja-kvaliteet\/"},"modified":"2018-09-06T13:58:50","modified_gmt":"2018-09-06T10:58:50","slug":"valmistus-ja-laatu","status":"publish","type":"page","link":"https:\/\/ermatiko.ee\/fi\/valmistus-ja-laatu\/","title":{"rendered":"Valmistus ja laatu"},"content":{"rendered":"","protected":false},"excerpt":{"rendered":"","protected":false},"author":1,"featured_media":0,"parent":0,"menu_order":20,"comment_status":"closed","ping_status":"closed","template":"","meta":{"_acf_changed":false,"inline_featured_image":false,"footnotes":""},"class_list":["post-12819","page","type-page","status-publish","hentry"],"acf":[],"yoast_head":"<!-- This site is optimized with the Yoast SEO plugin v25.6 - https:\/\/yoast.com\/wordpress\/plugins\/seo\/ -->\n<title>Valmistus ja laatu - Ermatiko<\/title>\n<meta name=\"description\" content=\"Valmistus ja laatu. Tuotteiden laatu on meille todella t\u00e4rke\u00e4\u00e4. Vaativimmatkin asiakkaat tuntevat iloa huonekaluistamme. Valitsemme materiaaliemme toimittajat hyvin huolellisesti, joten olemme varmoja heid\u00e4n tuotantonsa laadusta. Rungon valmistuksessa k\u00e4yt\u00e4mme vain massiivipuuta ja vaneria.\" \/>\n<meta name=\"robots\" content=\"index, follow, max-snippet:-1, max-image-preview:large, max-video-preview:-1\" \/>\n<link rel=\"canonical\" href=\"https:\/\/ermatiko.ee\/fi\/valmistus-ja-laatu\/\" \/>\n<meta property=\"og:locale\" content=\"fi_FI\" \/>\n<meta property=\"og:type\" content=\"article\" \/>\n<meta property=\"og:title\" content=\"Valmistus ja laatu - Ermatiko\" \/>\n<meta property=\"og:description\" content=\"Valmistus ja laatu. Tuotteiden laatu on meille todella t\u00e4rke\u00e4\u00e4. Vaativimmatkin asiakkaat tuntevat iloa huonekaluistamme. Valitsemme materiaaliemme toimittajat hyvin huolellisesti, joten olemme varmoja heid\u00e4n tuotantonsa laadusta. Rungon valmistuksessa k\u00e4yt\u00e4mme vain massiivipuuta ja vaneria.\" \/>\n<meta property=\"og:url\" content=\"https:\/\/ermatiko.ee\/fi\/valmistus-ja-laatu\/\" \/>\n<meta property=\"og:site_name\" content=\"Ermatiko\" \/>\n<meta property=\"article:modified_time\" content=\"2018-09-06T10:58:50+00:00\" \/>\n<meta name=\"twitter:card\" content=\"summary_large_image\" \/>\n<script type=\"application\/ld+json\" class=\"yoast-schema-graph\">{\"@context\":\"https:\/\/schema.org\",\"@graph\":[{\"@type\":\"WebPage\",\"@id\":\"https:\/\/ermatiko.ee\/fi\/valmistus-ja-laatu\/\",\"url\":\"https:\/\/ermatiko.ee\/fi\/valmistus-ja-laatu\/\",\"name\":\"Valmistus ja laatu - Ermatiko\",\"isPartOf\":{\"@id\":\"https:\/\/ermatiko.ee\/fi\/#website\"},\"datePublished\":\"2017-08-22T11:12:59+00:00\",\"dateModified\":\"2018-09-06T10:58:50+00:00\",\"description\":\"Valmistus ja laatu. Tuotteiden laatu on meille todella t\u00e4rke\u00e4\u00e4. Vaativimmatkin asiakkaat tuntevat iloa huonekaluistamme. Valitsemme materiaaliemme toimittajat hyvin huolellisesti, joten olemme varmoja heid\u00e4n tuotantonsa laadusta. Rungon valmistuksessa k\u00e4yt\u00e4mme vain massiivipuuta ja vaneria.\",\"breadcrumb\":{\"@id\":\"https:\/\/ermatiko.ee\/fi\/valmistus-ja-laatu\/#breadcrumb\"},\"inLanguage\":\"fi\",\"potentialAction\":[{\"@type\":\"ReadAction\",\"target\":[\"https:\/\/ermatiko.ee\/fi\/valmistus-ja-laatu\/\"]}]},{\"@type\":\"BreadcrumbList\",\"@id\":\"https:\/\/ermatiko.ee\/fi\/valmistus-ja-laatu\/#breadcrumb\",\"itemListElement\":[{\"@type\":\"ListItem\",\"position\":1,\"name\":\"Home\",\"item\":\"https:\/\/ermatiko.ee\/fi\/\"},{\"@type\":\"ListItem\",\"position\":2,\"name\":\"Valmistus ja laatu\"}]},{\"@type\":\"WebSite\",\"@id\":\"https:\/\/ermatiko.ee\/fi\/#website\",\"url\":\"https:\/\/ermatiko.ee\/fi\/\",\"name\":\"Ermatiko\",\"description\":\"\",\"potentialAction\":[{\"@type\":\"SearchAction\",\"target\":{\"@type\":\"EntryPoint\",\"urlTemplate\":\"https:\/\/ermatiko.ee\/fi\/?s={search_term_string}\"},\"query-input\":{\"@type\":\"PropertyValueSpecification\",\"valueRequired\":true,\"valueName\":\"search_term_string\"}}],\"inLanguage\":\"fi\"}]}<\/script>\n<!-- \/ Yoast SEO plugin. -->","yoast_head_json":{"title":"Valmistus ja laatu - Ermatiko","description":"Valmistus ja laatu. Tuotteiden laatu on meille todella t\u00e4rke\u00e4\u00e4. Vaativimmatkin asiakkaat tuntevat iloa huonekaluistamme. Valitsemme materiaaliemme toimittajat hyvin huolellisesti, joten olemme varmoja heid\u00e4n tuotantonsa laadusta. Rungon valmistuksessa k\u00e4yt\u00e4mme vain massiivipuuta ja vaneria.","robots":{"index":"index","follow":"follow","max-snippet":"max-snippet:-1","max-image-preview":"max-image-preview:large","max-video-preview":"max-video-preview:-1"},"canonical":"https:\/\/ermatiko.ee\/fi\/valmistus-ja-laatu\/","og_locale":"fi_FI","og_type":"article","og_title":"Valmistus ja laatu - Ermatiko","og_description":"Valmistus ja laatu. Tuotteiden laatu on meille todella t\u00e4rke\u00e4\u00e4. Vaativimmatkin asiakkaat tuntevat iloa huonekaluistamme. Valitsemme materiaaliemme toimittajat hyvin huolellisesti, joten olemme varmoja heid\u00e4n tuotantonsa laadusta. Rungon valmistuksessa k\u00e4yt\u00e4mme vain massiivipuuta ja vaneria.","og_url":"https:\/\/ermatiko.ee\/fi\/valmistus-ja-laatu\/","og_site_name":"Ermatiko","article_modified_time":"2018-09-06T10:58:50+00:00","twitter_card":"summary_large_image","schema":{"@context":"https:\/\/schema.org","@graph":[{"@type":"WebPage","@id":"https:\/\/ermatiko.ee\/fi\/valmistus-ja-laatu\/","url":"https:\/\/ermatiko.ee\/fi\/valmistus-ja-laatu\/","name":"Valmistus ja laatu - Ermatiko","isPartOf":{"@id":"https:\/\/ermatiko.ee\/fi\/#website"},"datePublished":"2017-08-22T11:12:59+00:00","dateModified":"2018-09-06T10:58:50+00:00","description":"Valmistus ja laatu. Tuotteiden laatu on meille todella t\u00e4rke\u00e4\u00e4. Vaativimmatkin asiakkaat tuntevat iloa huonekaluistamme. Valitsemme materiaaliemme toimittajat hyvin huolellisesti, joten olemme varmoja heid\u00e4n tuotantonsa laadusta. Rungon valmistuksessa k\u00e4yt\u00e4mme vain massiivipuuta ja vaneria.","breadcrumb":{"@id":"https:\/\/ermatiko.ee\/fi\/valmistus-ja-laatu\/#breadcrumb"},"inLanguage":"fi","potentialAction":[{"@type":"ReadAction","target":["https:\/\/ermatiko.ee\/fi\/valmistus-ja-laatu\/"]}]},{"@type":"BreadcrumbList","@id":"https:\/\/ermatiko.ee\/fi\/valmistus-ja-laatu\/#breadcrumb","itemListElement":[{"@type":"ListItem","position":1,"name":"Home","item":"https:\/\/ermatiko.ee\/fi\/"},{"@type":"ListItem","position":2,"name":"Valmistus ja laatu"}]},{"@type":"WebSite","@id":"https:\/\/ermatiko.ee\/fi\/#website","url":"https:\/\/ermatiko.ee\/fi\/","name":"Ermatiko","description":"","potentialAction":[{"@type":"SearchAction","target":{"@type":"EntryPoint","urlTemplate":"https:\/\/ermatiko.ee\/fi\/?s={search_term_string}"},"query-input":{"@type":"PropertyValueSpecification","valueRequired":true,"valueName":"search_term_string"}}],"inLanguage":"fi"}]}},"jetpack_sharing_enabled":true,"jetpack_shortlink":"https:\/\/wp.me\/P9Je0v-3kL","_links":{"self":[{"href":"https:\/\/ermatiko.ee\/fi\/wp-json\/wp\/v2\/pages\/12819"}],"collection":[{"href":"https:\/\/ermatiko.ee\/fi\/wp-json\/wp\/v2\/pages"}],"about":[{"href":"https:\/\/ermatiko.ee\/fi\/wp-json\/wp\/v2\/types\/page"}],"author":[{"embeddable":true,"href":"https:\/\/ermatiko.ee\/fi\/wp-json\/wp\/v2\/users\/1"}],"replies":[{"embeddable":true,"href":"https:\/\/ermatiko.ee\/fi\/wp-json\/wp\/v2\/comments?post=12819"}],"version-history":[{"count":4,"href":"https:\/\/ermatiko.ee\/fi\/wp-json\/wp\/v2\/pages\/12819\/revisions"}],"predecessor-version":[{"id":18794,"href":"https:\/\/ermatiko.ee\/fi\/wp-json\/wp\/v2\/pages\/12819\/revisions\/18794"}],"wp:attachment":[{"href":"https:\/\/ermatiko.ee\/fi\/wp-json\/wp\/v2\/media?parent=12819"}],"curies":[{"name":"wp","href":"https:\/\/api.w.org\/{rel}","templated":true}]}}