{"id":24841,"date":"2017-08-22T14:00:10","date_gmt":"2017-08-22T11:00:10","guid":{"rendered":"https:\/\/ermatiko.ee\/pehme-moobli-tootja-aastast-1993\/"},"modified":"2026-04-08T11:27:06","modified_gmt":"2026-04-08T08:27:06","slug":"pehme-moobli-tootja-aastast-1993","status":"publish","type":"page","link":"https:\/\/ermatiko.ee\/ru\/","title":{"rendered":"\u041f\u0440\u043e\u0438\u0437\u0432\u043e\u0434\u0438\u0442\u0435\u043b\u044c \u043c\u044f\u0433\u043a\u043e\u0439 \u043c\u0435\u0431\u0435\u043b\u0438 \u0441 1993 \u0433\u043e\u0434\u0430"},"content":{"rendered":"","protected":false},"excerpt":{"rendered":"","protected":false},"author":1,"featured_media":0,"parent":0,"menu_order":0,"comment_status":"closed","ping_status":"closed","template":"","meta":{"_acf_changed":false,"inline_featured_image":false,"footnotes":""},"class_list":["post-24841","page","type-page","status-publish","hentry"],"acf":[],"yoast_head":"<!-- This site is optimized with the Yoast SEO plugin v25.6 - https:\/\/yoast.com\/wordpress\/plugins\/seo\/ -->\n<title>\u041f\u0440\u043e\u0438\u0437\u0432\u043e\u0434\u0438\u0442\u0435\u043b\u044c \u043c\u044f\u0433\u043a\u043e\u0439 \u043c\u0435\u0431\u0435\u043b\u0438 \u0441 1993 \u0433\u043e\u0434\u0430 - Ermatiko<\/title>\n<meta name=\"description\" content=\"Ermatiko - Pehme m\u00f6\u00f6bli tootja aastast 1993. Kaasaegsed seadmed ja pikaaegne tootmiskogemus tagavad modernse disaini, kiire tootearenduse ja kvaliteetse tulemuse. Arendame igal aastal \u00fcle 20 uue mudeli. Ermatiko m\u00f6\u00f6bel on m\u00fc\u00fcgis \u00fcle 400 kaupluse viies riigis. Meie kaks tehast toodavad 25 500 istekohta aastas.\" \/>\n<meta name=\"robots\" content=\"index, follow, max-snippet:-1, max-image-preview:large, max-video-preview:-1\" \/>\n<link rel=\"canonical\" href=\"https:\/\/ermatiko.ee\/ru\/\" \/>\n<meta property=\"og:locale\" content=\"ru_RU\" \/>\n<meta property=\"og:type\" content=\"article\" \/>\n<meta property=\"og:title\" content=\"\u041f\u0440\u043e\u0438\u0437\u0432\u043e\u0434\u0438\u0442\u0435\u043b\u044c \u043c\u044f\u0433\u043a\u043e\u0439 \u043c\u0435\u0431\u0435\u043b\u0438 \u0441 1993 \u0433\u043e\u0434\u0430 - Ermatiko\" \/>\n<meta property=\"og:description\" content=\"Ermatiko - Pehme m\u00f6\u00f6bli tootja aastast 1993. Kaasaegsed seadmed ja pikaaegne tootmiskogemus tagavad modernse disaini, kiire tootearenduse ja kvaliteetse tulemuse. Arendame igal aastal \u00fcle 20 uue mudeli. Ermatiko m\u00f6\u00f6bel on m\u00fc\u00fcgis \u00fcle 400 kaupluse viies riigis. Meie kaks tehast toodavad 25 500 istekohta aastas.\" \/>\n<meta property=\"og:url\" content=\"https:\/\/ermatiko.ee\/ru\/\" \/>\n<meta property=\"og:site_name\" content=\"Ermatiko\" \/>\n<meta property=\"article:modified_time\" content=\"2026-04-08T08:27:06+00:00\" \/>\n<meta name=\"twitter:card\" content=\"summary_large_image\" \/>\n<script type=\"application\/ld+json\" class=\"yoast-schema-graph\">{\"@context\":\"https:\/\/schema.org\",\"@graph\":[{\"@type\":\"WebPage\",\"@id\":\"https:\/\/ermatiko.ee\/ru\/\",\"url\":\"https:\/\/ermatiko.ee\/ru\/\",\"name\":\"\u041f\u0440\u043e\u0438\u0437\u0432\u043e\u0434\u0438\u0442\u0435\u043b\u044c \u043c\u044f\u0433\u043a\u043e\u0439 \u043c\u0435\u0431\u0435\u043b\u0438 \u0441 1993 \u0433\u043e\u0434\u0430 - Ermatiko\",\"isPartOf\":{\"@id\":\"https:\/\/ermatiko.ee\/fi\/#website\"},\"datePublished\":\"2017-08-22T11:00:10+00:00\",\"dateModified\":\"2026-04-08T08:27:06+00:00\",\"description\":\"Ermatiko - Pehme m\u00f6\u00f6bli tootja aastast 1993. Kaasaegsed seadmed ja pikaaegne tootmiskogemus tagavad modernse disaini, kiire tootearenduse ja kvaliteetse tulemuse. Arendame igal aastal \u00fcle 20 uue mudeli. Ermatiko m\u00f6\u00f6bel on m\u00fc\u00fcgis \u00fcle 400 kaupluse viies riigis. Meie kaks tehast toodavad 25 500 istekohta aastas.\",\"breadcrumb\":{\"@id\":\"https:\/\/ermatiko.ee\/ru\/#breadcrumb\"},\"inLanguage\":\"ru-RU\",\"potentialAction\":[{\"@type\":\"ReadAction\",\"target\":[\"https:\/\/ermatiko.ee\/ru\/\"]}]},{\"@type\":\"BreadcrumbList\",\"@id\":\"https:\/\/ermatiko.ee\/ru\/#breadcrumb\",\"itemListElement\":[{\"@type\":\"ListItem\",\"position\":1,\"name\":\"Home\",\"item\":\"https:\/\/ermatiko.ee\/ru\/\"},{\"@type\":\"ListItem\",\"position\":2,\"name\":\"\u041f\u0440\u043e\u0438\u0437\u0432\u043e\u0434\u0438\u0442\u0435\u043b\u044c \u043c\u044f\u0433\u043a\u043e\u0439 \u043c\u0435\u0431\u0435\u043b\u0438 \u0441 1993 \u0433\u043e\u0434\u0430\"}]},{\"@type\":\"WebSite\",\"@id\":\"https:\/\/ermatiko.ee\/fi\/#website\",\"url\":\"https:\/\/ermatiko.ee\/fi\/\",\"name\":\"Ermatiko\",\"description\":\"\",\"potentialAction\":[{\"@type\":\"SearchAction\",\"target\":{\"@type\":\"EntryPoint\",\"urlTemplate\":\"https:\/\/ermatiko.ee\/fi\/?s={search_term_string}\"},\"query-input\":{\"@type\":\"PropertyValueSpecification\",\"valueRequired\":true,\"valueName\":\"search_term_string\"}}],\"inLanguage\":\"ru-RU\"}]}<\/script>\n<!-- \/ Yoast SEO plugin. -->","yoast_head_json":{"title":"\u041f\u0440\u043e\u0438\u0437\u0432\u043e\u0434\u0438\u0442\u0435\u043b\u044c \u043c\u044f\u0433\u043a\u043e\u0439 \u043c\u0435\u0431\u0435\u043b\u0438 \u0441 1993 \u0433\u043e\u0434\u0430 - Ermatiko","description":"Ermatiko - Pehme m\u00f6\u00f6bli tootja aastast 1993. Kaasaegsed seadmed ja pikaaegne tootmiskogemus tagavad modernse disaini, kiire tootearenduse ja kvaliteetse tulemuse. Arendame igal aastal \u00fcle 20 uue mudeli. Ermatiko m\u00f6\u00f6bel on m\u00fc\u00fcgis \u00fcle 400 kaupluse viies riigis. Meie kaks tehast toodavad 25 500 istekohta aastas.","robots":{"index":"index","follow":"follow","max-snippet":"max-snippet:-1","max-image-preview":"max-image-preview:large","max-video-preview":"max-video-preview:-1"},"canonical":"https:\/\/ermatiko.ee\/ru\/","og_locale":"ru_RU","og_type":"article","og_title":"\u041f\u0440\u043e\u0438\u0437\u0432\u043e\u0434\u0438\u0442\u0435\u043b\u044c \u043c\u044f\u0433\u043a\u043e\u0439 \u043c\u0435\u0431\u0435\u043b\u0438 \u0441 1993 \u0433\u043e\u0434\u0430 - Ermatiko","og_description":"Ermatiko - Pehme m\u00f6\u00f6bli tootja aastast 1993. Kaasaegsed seadmed ja pikaaegne tootmiskogemus tagavad modernse disaini, kiire tootearenduse ja kvaliteetse tulemuse. Arendame igal aastal \u00fcle 20 uue mudeli. Ermatiko m\u00f6\u00f6bel on m\u00fc\u00fcgis \u00fcle 400 kaupluse viies riigis. Meie kaks tehast toodavad 25 500 istekohta aastas.","og_url":"https:\/\/ermatiko.ee\/ru\/","og_site_name":"Ermatiko","article_modified_time":"2026-04-08T08:27:06+00:00","twitter_card":"summary_large_image","schema":{"@context":"https:\/\/schema.org","@graph":[{"@type":"WebPage","@id":"https:\/\/ermatiko.ee\/ru\/","url":"https:\/\/ermatiko.ee\/ru\/","name":"\u041f\u0440\u043e\u0438\u0437\u0432\u043e\u0434\u0438\u0442\u0435\u043b\u044c \u043c\u044f\u0433\u043a\u043e\u0439 \u043c\u0435\u0431\u0435\u043b\u0438 \u0441 1993 \u0433\u043e\u0434\u0430 - Ermatiko","isPartOf":{"@id":"https:\/\/ermatiko.ee\/fi\/#website"},"datePublished":"2017-08-22T11:00:10+00:00","dateModified":"2026-04-08T08:27:06+00:00","description":"Ermatiko - Pehme m\u00f6\u00f6bli tootja aastast 1993. Kaasaegsed seadmed ja pikaaegne tootmiskogemus tagavad modernse disaini, kiire tootearenduse ja kvaliteetse tulemuse. Arendame igal aastal \u00fcle 20 uue mudeli. Ermatiko m\u00f6\u00f6bel on m\u00fc\u00fcgis \u00fcle 400 kaupluse viies riigis. Meie kaks tehast toodavad 25 500 istekohta aastas.","breadcrumb":{"@id":"https:\/\/ermatiko.ee\/ru\/#breadcrumb"},"inLanguage":"ru-RU","potentialAction":[{"@type":"ReadAction","target":["https:\/\/ermatiko.ee\/ru\/"]}]},{"@type":"BreadcrumbList","@id":"https:\/\/ermatiko.ee\/ru\/#breadcrumb","itemListElement":[{"@type":"ListItem","position":1,"name":"Home","item":"https:\/\/ermatiko.ee\/ru\/"},{"@type":"ListItem","position":2,"name":"\u041f\u0440\u043e\u0438\u0437\u0432\u043e\u0434\u0438\u0442\u0435\u043b\u044c \u043c\u044f\u0433\u043a\u043e\u0439 \u043c\u0435\u0431\u0435\u043b\u0438 \u0441 1993 \u0433\u043e\u0434\u0430"}]},{"@type":"WebSite","@id":"https:\/\/ermatiko.ee\/fi\/#website","url":"https:\/\/ermatiko.ee\/fi\/","name":"Ermatiko","description":"","potentialAction":[{"@type":"SearchAction","target":{"@type":"EntryPoint","urlTemplate":"https:\/\/ermatiko.ee\/fi\/?s={search_term_string}"},"query-input":{"@type":"PropertyValueSpecification","valueRequired":true,"valueName":"search_term_string"}}],"inLanguage":"ru-RU"}]}},"jetpack_sharing_enabled":true,"jetpack_shortlink":"https:\/\/wp.me\/P9Je0v-6sF","_links":{"self":[{"href":"https:\/\/ermatiko.ee\/ru\/wp-json\/wp\/v2\/pages\/24841"}],"collection":[{"href":"https:\/\/ermatiko.ee\/ru\/wp-json\/wp\/v2\/pages"}],"about":[{"href":"https:\/\/ermatiko.ee\/ru\/wp-json\/wp\/v2\/types\/page"}],"author":[{"embeddable":true,"href":"https:\/\/ermatiko.ee\/ru\/wp-json\/wp\/v2\/users\/1"}],"replies":[{"embeddable":true,"href":"https:\/\/ermatiko.ee\/ru\/wp-json\/wp\/v2\/comments?post=24841"}],"version-history":[{"count":52,"href":"https:\/\/ermatiko.ee\/ru\/wp-json\/wp\/v2\/pages\/24841\/revisions"}],"predecessor-version":[{"id":87491,"href":"https:\/\/ermatiko.ee\/ru\/wp-json\/wp\/v2\/pages\/24841\/revisions\/87491"}],"wp:attachment":[{"href":"https:\/\/ermatiko.ee\/ru\/wp-json\/wp\/v2\/media?parent=24841"}],"curies":[{"name":"wp","href":"https:\/\/api.w.org\/{rel}","templated":true}]}}