{"id":9752,"date":"2017-08-22T14:12:59","date_gmt":"2017-08-22T11:12:59","guid":{"rendered":"https:\/\/ermatiko.ee\/manufacturing-and-quality\/"},"modified":"2018-04-09T13:51:28","modified_gmt":"2018-04-09T10:51:28","slug":"produktion-och-kvalitet","status":"publish","type":"page","link":"https:\/\/ermatiko.ee\/sv\/produktion-och-kvalitet\/","title":{"rendered":"Produktion och kvalitet"},"content":{"rendered":"","protected":false},"excerpt":{"rendered":"","protected":false},"author":1,"featured_media":0,"parent":0,"menu_order":20,"comment_status":"closed","ping_status":"closed","template":"","meta":{"_acf_changed":false,"inline_featured_image":false,"footnotes":""},"class_list":["post-9752","page","type-page","status-publish","hentry"],"acf":[],"yoast_head":"<!-- This site is optimized with the Yoast SEO plugin v25.6 - https:\/\/yoast.com\/wordpress\/plugins\/seo\/ -->\n<title>Produktion och kvalitet - Ermatiko<\/title>\n<meta name=\"description\" content=\"Produktion och kvalitet. Kvaliteten p\u00e5 v\u00e5ra produkter \u00e4r v\u00e4ldigt viktig f\u00f6r oss. \u00c4ven de mest kr\u00e4vande kunder k\u00e4nner gl\u00e4dje \u00f6ver v\u00e5ra m\u00f6bler. Modern utrustning och l\u00e5ng erfarenhet av produktion garanterar modern design, snabb produktutveckling och resultat av h\u00f6gsta kvalitet.\" \/>\n<meta name=\"robots\" content=\"index, follow, max-snippet:-1, max-image-preview:large, max-video-preview:-1\" \/>\n<link rel=\"canonical\" href=\"https:\/\/ermatiko.ee\/sv\/produktion-och-kvalitet\/\" \/>\n<meta property=\"og:locale\" content=\"sv_SE\" \/>\n<meta property=\"og:type\" content=\"article\" \/>\n<meta property=\"og:title\" content=\"Produktion och kvalitet - Ermatiko\" \/>\n<meta property=\"og:description\" content=\"Produktion och kvalitet. Kvaliteten p\u00e5 v\u00e5ra produkter \u00e4r v\u00e4ldigt viktig f\u00f6r oss. \u00c4ven de mest kr\u00e4vande kunder k\u00e4nner gl\u00e4dje \u00f6ver v\u00e5ra m\u00f6bler. Modern utrustning och l\u00e5ng erfarenhet av produktion garanterar modern design, snabb produktutveckling och resultat av h\u00f6gsta kvalitet.\" \/>\n<meta property=\"og:url\" content=\"https:\/\/ermatiko.ee\/sv\/produktion-och-kvalitet\/\" \/>\n<meta property=\"og:site_name\" content=\"Ermatiko\" \/>\n<meta property=\"article:modified_time\" content=\"2018-04-09T10:51:28+00:00\" \/>\n<meta name=\"twitter:card\" content=\"summary_large_image\" \/>\n<script type=\"application\/ld+json\" class=\"yoast-schema-graph\">{\"@context\":\"https:\/\/schema.org\",\"@graph\":[{\"@type\":\"WebPage\",\"@id\":\"https:\/\/ermatiko.ee\/sv\/produktion-och-kvalitet\/\",\"url\":\"https:\/\/ermatiko.ee\/sv\/produktion-och-kvalitet\/\",\"name\":\"Produktion och kvalitet - Ermatiko\",\"isPartOf\":{\"@id\":\"https:\/\/ermatiko.ee\/fi\/#website\"},\"datePublished\":\"2017-08-22T11:12:59+00:00\",\"dateModified\":\"2018-04-09T10:51:28+00:00\",\"description\":\"Produktion och kvalitet. Kvaliteten p\u00e5 v\u00e5ra produkter \u00e4r v\u00e4ldigt viktig f\u00f6r oss. \u00c4ven de mest kr\u00e4vande kunder k\u00e4nner gl\u00e4dje \u00f6ver v\u00e5ra m\u00f6bler. Modern utrustning och l\u00e5ng erfarenhet av produktion garanterar modern design, snabb produktutveckling och resultat av h\u00f6gsta kvalitet.\",\"breadcrumb\":{\"@id\":\"https:\/\/ermatiko.ee\/sv\/produktion-och-kvalitet\/#breadcrumb\"},\"inLanguage\":\"sv-SE\",\"potentialAction\":[{\"@type\":\"ReadAction\",\"target\":[\"https:\/\/ermatiko.ee\/sv\/produktion-och-kvalitet\/\"]}]},{\"@type\":\"BreadcrumbList\",\"@id\":\"https:\/\/ermatiko.ee\/sv\/produktion-och-kvalitet\/#breadcrumb\",\"itemListElement\":[{\"@type\":\"ListItem\",\"position\":1,\"name\":\"Home\",\"item\":\"https:\/\/ermatiko.ee\/sv\/\"},{\"@type\":\"ListItem\",\"position\":2,\"name\":\"Produktion och kvalitet\"}]},{\"@type\":\"WebSite\",\"@id\":\"https:\/\/ermatiko.ee\/fi\/#website\",\"url\":\"https:\/\/ermatiko.ee\/fi\/\",\"name\":\"Ermatiko\",\"description\":\"\",\"potentialAction\":[{\"@type\":\"SearchAction\",\"target\":{\"@type\":\"EntryPoint\",\"urlTemplate\":\"https:\/\/ermatiko.ee\/fi\/?s={search_term_string}\"},\"query-input\":{\"@type\":\"PropertyValueSpecification\",\"valueRequired\":true,\"valueName\":\"search_term_string\"}}],\"inLanguage\":\"sv-SE\"}]}<\/script>\n<!-- \/ Yoast SEO plugin. -->","yoast_head_json":{"title":"Produktion och kvalitet - Ermatiko","description":"Produktion och kvalitet. Kvaliteten p\u00e5 v\u00e5ra produkter \u00e4r v\u00e4ldigt viktig f\u00f6r oss. \u00c4ven de mest kr\u00e4vande kunder k\u00e4nner gl\u00e4dje \u00f6ver v\u00e5ra m\u00f6bler. Modern utrustning och l\u00e5ng erfarenhet av produktion garanterar modern design, snabb produktutveckling och resultat av h\u00f6gsta kvalitet.","robots":{"index":"index","follow":"follow","max-snippet":"max-snippet:-1","max-image-preview":"max-image-preview:large","max-video-preview":"max-video-preview:-1"},"canonical":"https:\/\/ermatiko.ee\/sv\/produktion-och-kvalitet\/","og_locale":"sv_SE","og_type":"article","og_title":"Produktion och kvalitet - Ermatiko","og_description":"Produktion och kvalitet. Kvaliteten p\u00e5 v\u00e5ra produkter \u00e4r v\u00e4ldigt viktig f\u00f6r oss. \u00c4ven de mest kr\u00e4vande kunder k\u00e4nner gl\u00e4dje \u00f6ver v\u00e5ra m\u00f6bler. Modern utrustning och l\u00e5ng erfarenhet av produktion garanterar modern design, snabb produktutveckling och resultat av h\u00f6gsta kvalitet.","og_url":"https:\/\/ermatiko.ee\/sv\/produktion-och-kvalitet\/","og_site_name":"Ermatiko","article_modified_time":"2018-04-09T10:51:28+00:00","twitter_card":"summary_large_image","schema":{"@context":"https:\/\/schema.org","@graph":[{"@type":"WebPage","@id":"https:\/\/ermatiko.ee\/sv\/produktion-och-kvalitet\/","url":"https:\/\/ermatiko.ee\/sv\/produktion-och-kvalitet\/","name":"Produktion och kvalitet - Ermatiko","isPartOf":{"@id":"https:\/\/ermatiko.ee\/fi\/#website"},"datePublished":"2017-08-22T11:12:59+00:00","dateModified":"2018-04-09T10:51:28+00:00","description":"Produktion och kvalitet. Kvaliteten p\u00e5 v\u00e5ra produkter \u00e4r v\u00e4ldigt viktig f\u00f6r oss. \u00c4ven de mest kr\u00e4vande kunder k\u00e4nner gl\u00e4dje \u00f6ver v\u00e5ra m\u00f6bler. Modern utrustning och l\u00e5ng erfarenhet av produktion garanterar modern design, snabb produktutveckling och resultat av h\u00f6gsta kvalitet.","breadcrumb":{"@id":"https:\/\/ermatiko.ee\/sv\/produktion-och-kvalitet\/#breadcrumb"},"inLanguage":"sv-SE","potentialAction":[{"@type":"ReadAction","target":["https:\/\/ermatiko.ee\/sv\/produktion-och-kvalitet\/"]}]},{"@type":"BreadcrumbList","@id":"https:\/\/ermatiko.ee\/sv\/produktion-och-kvalitet\/#breadcrumb","itemListElement":[{"@type":"ListItem","position":1,"name":"Home","item":"https:\/\/ermatiko.ee\/sv\/"},{"@type":"ListItem","position":2,"name":"Produktion och kvalitet"}]},{"@type":"WebSite","@id":"https:\/\/ermatiko.ee\/fi\/#website","url":"https:\/\/ermatiko.ee\/fi\/","name":"Ermatiko","description":"","potentialAction":[{"@type":"SearchAction","target":{"@type":"EntryPoint","urlTemplate":"https:\/\/ermatiko.ee\/fi\/?s={search_term_string}"},"query-input":{"@type":"PropertyValueSpecification","valueRequired":true,"valueName":"search_term_string"}}],"inLanguage":"sv-SE"}]}},"jetpack_sharing_enabled":true,"jetpack_shortlink":"https:\/\/wp.me\/P9Je0v-2xi","_links":{"self":[{"href":"https:\/\/ermatiko.ee\/sv\/wp-json\/wp\/v2\/pages\/9752"}],"collection":[{"href":"https:\/\/ermatiko.ee\/sv\/wp-json\/wp\/v2\/pages"}],"about":[{"href":"https:\/\/ermatiko.ee\/sv\/wp-json\/wp\/v2\/types\/page"}],"author":[{"embeddable":true,"href":"https:\/\/ermatiko.ee\/sv\/wp-json\/wp\/v2\/users\/1"}],"replies":[{"embeddable":true,"href":"https:\/\/ermatiko.ee\/sv\/wp-json\/wp\/v2\/comments?post=9752"}],"version-history":[{"count":4,"href":"https:\/\/ermatiko.ee\/sv\/wp-json\/wp\/v2\/pages\/9752\/revisions"}],"predecessor-version":[{"id":9977,"href":"https:\/\/ermatiko.ee\/sv\/wp-json\/wp\/v2\/pages\/9752\/revisions\/9977"}],"wp:attachment":[{"href":"https:\/\/ermatiko.ee\/sv\/wp-json\/wp\/v2\/media?parent=9752"}],"curies":[{"name":"wp","href":"https:\/\/api.w.org\/{rel}","templated":true}]}}