{"id":9773,"date":"2017-08-22T14:13:10","date_gmt":"2017-08-22T11:13:10","guid":{"rendered":"https:\/\/ermatiko.ee\/product-development\/"},"modified":"2018-04-09T13:56:46","modified_gmt":"2018-04-09T10:56:46","slug":"produktutveckling","status":"publish","type":"page","link":"https:\/\/ermatiko.ee\/sv\/produktutveckling\/","title":{"rendered":"Produktutveckling"},"content":{"rendered":"","protected":false},"excerpt":{"rendered":"","protected":false},"author":1,"featured_media":0,"parent":0,"menu_order":30,"comment_status":"closed","ping_status":"closed","template":"","meta":{"_acf_changed":false,"inline_featured_image":false,"footnotes":""},"class_list":["post-9773","page","type-page","status-publish","hentry"],"acf":[],"yoast_head":"<!-- This site is optimized with the Yoast SEO plugin v25.6 - https:\/\/yoast.com\/wordpress\/plugins\/seo\/ -->\n<title>Produktutveckling - Ermatiko<\/title>\n<meta name=\"description\" content=\"Produktutveckling. Vi \u00e4r stolta \u00f6ver v\u00e5ra originella produkter som \u00e4r anpassade till efterfr\u00e5gan p\u00e5 marknaden. V\u00e5ra m\u00f6bler s\u00e4ljs i flera l\u00e4nder och varje marknad har olika krav p\u00e5 design och stil som \u00e4r en sp\u00e4nnande utmaning f\u00f6r v\u00e5ra produktutvecklare. Vanligtvis visar vi v\u00e5ra produkter p\u00e5 3-5 olika m\u00e4ssor varje \u00e5r.\" \/>\n<meta name=\"robots\" content=\"index, follow, max-snippet:-1, max-image-preview:large, max-video-preview:-1\" \/>\n<link rel=\"canonical\" href=\"https:\/\/ermatiko.ee\/sv\/produktutveckling\/\" \/>\n<meta property=\"og:locale\" content=\"sv_SE\" \/>\n<meta property=\"og:type\" content=\"article\" \/>\n<meta property=\"og:title\" content=\"Produktutveckling - Ermatiko\" \/>\n<meta property=\"og:description\" content=\"Produktutveckling. Vi \u00e4r stolta \u00f6ver v\u00e5ra originella produkter som \u00e4r anpassade till efterfr\u00e5gan p\u00e5 marknaden. V\u00e5ra m\u00f6bler s\u00e4ljs i flera l\u00e4nder och varje marknad har olika krav p\u00e5 design och stil som \u00e4r en sp\u00e4nnande utmaning f\u00f6r v\u00e5ra produktutvecklare. Vanligtvis visar vi v\u00e5ra produkter p\u00e5 3-5 olika m\u00e4ssor varje \u00e5r.\" \/>\n<meta property=\"og:url\" content=\"https:\/\/ermatiko.ee\/sv\/produktutveckling\/\" \/>\n<meta property=\"og:site_name\" content=\"Ermatiko\" \/>\n<meta property=\"article:modified_time\" content=\"2018-04-09T10:56:46+00:00\" \/>\n<meta name=\"twitter:card\" content=\"summary_large_image\" \/>\n<script type=\"application\/ld+json\" class=\"yoast-schema-graph\">{\"@context\":\"https:\/\/schema.org\",\"@graph\":[{\"@type\":\"WebPage\",\"@id\":\"https:\/\/ermatiko.ee\/sv\/produktutveckling\/\",\"url\":\"https:\/\/ermatiko.ee\/sv\/produktutveckling\/\",\"name\":\"Produktutveckling - Ermatiko\",\"isPartOf\":{\"@id\":\"https:\/\/ermatiko.ee\/fi\/#website\"},\"datePublished\":\"2017-08-22T11:13:10+00:00\",\"dateModified\":\"2018-04-09T10:56:46+00:00\",\"description\":\"Produktutveckling. Vi \u00e4r stolta \u00f6ver v\u00e5ra originella produkter som \u00e4r anpassade till efterfr\u00e5gan p\u00e5 marknaden. V\u00e5ra m\u00f6bler s\u00e4ljs i flera l\u00e4nder och varje marknad har olika krav p\u00e5 design och stil som \u00e4r en sp\u00e4nnande utmaning f\u00f6r v\u00e5ra produktutvecklare. Vanligtvis visar vi v\u00e5ra produkter p\u00e5 3-5 olika m\u00e4ssor varje \u00e5r.\",\"breadcrumb\":{\"@id\":\"https:\/\/ermatiko.ee\/sv\/produktutveckling\/#breadcrumb\"},\"inLanguage\":\"sv-SE\",\"potentialAction\":[{\"@type\":\"ReadAction\",\"target\":[\"https:\/\/ermatiko.ee\/sv\/produktutveckling\/\"]}]},{\"@type\":\"BreadcrumbList\",\"@id\":\"https:\/\/ermatiko.ee\/sv\/produktutveckling\/#breadcrumb\",\"itemListElement\":[{\"@type\":\"ListItem\",\"position\":1,\"name\":\"Home\",\"item\":\"https:\/\/ermatiko.ee\/sv\/\"},{\"@type\":\"ListItem\",\"position\":2,\"name\":\"Produktutveckling\"}]},{\"@type\":\"WebSite\",\"@id\":\"https:\/\/ermatiko.ee\/fi\/#website\",\"url\":\"https:\/\/ermatiko.ee\/fi\/\",\"name\":\"Ermatiko\",\"description\":\"\",\"potentialAction\":[{\"@type\":\"SearchAction\",\"target\":{\"@type\":\"EntryPoint\",\"urlTemplate\":\"https:\/\/ermatiko.ee\/fi\/?s={search_term_string}\"},\"query-input\":{\"@type\":\"PropertyValueSpecification\",\"valueRequired\":true,\"valueName\":\"search_term_string\"}}],\"inLanguage\":\"sv-SE\"}]}<\/script>\n<!-- \/ Yoast SEO plugin. -->","yoast_head_json":{"title":"Produktutveckling - Ermatiko","description":"Produktutveckling. Vi \u00e4r stolta \u00f6ver v\u00e5ra originella produkter som \u00e4r anpassade till efterfr\u00e5gan p\u00e5 marknaden. V\u00e5ra m\u00f6bler s\u00e4ljs i flera l\u00e4nder och varje marknad har olika krav p\u00e5 design och stil som \u00e4r en sp\u00e4nnande utmaning f\u00f6r v\u00e5ra produktutvecklare. Vanligtvis visar vi v\u00e5ra produkter p\u00e5 3-5 olika m\u00e4ssor varje \u00e5r.","robots":{"index":"index","follow":"follow","max-snippet":"max-snippet:-1","max-image-preview":"max-image-preview:large","max-video-preview":"max-video-preview:-1"},"canonical":"https:\/\/ermatiko.ee\/sv\/produktutveckling\/","og_locale":"sv_SE","og_type":"article","og_title":"Produktutveckling - Ermatiko","og_description":"Produktutveckling. Vi \u00e4r stolta \u00f6ver v\u00e5ra originella produkter som \u00e4r anpassade till efterfr\u00e5gan p\u00e5 marknaden. V\u00e5ra m\u00f6bler s\u00e4ljs i flera l\u00e4nder och varje marknad har olika krav p\u00e5 design och stil som \u00e4r en sp\u00e4nnande utmaning f\u00f6r v\u00e5ra produktutvecklare. Vanligtvis visar vi v\u00e5ra produkter p\u00e5 3-5 olika m\u00e4ssor varje \u00e5r.","og_url":"https:\/\/ermatiko.ee\/sv\/produktutveckling\/","og_site_name":"Ermatiko","article_modified_time":"2018-04-09T10:56:46+00:00","twitter_card":"summary_large_image","schema":{"@context":"https:\/\/schema.org","@graph":[{"@type":"WebPage","@id":"https:\/\/ermatiko.ee\/sv\/produktutveckling\/","url":"https:\/\/ermatiko.ee\/sv\/produktutveckling\/","name":"Produktutveckling - Ermatiko","isPartOf":{"@id":"https:\/\/ermatiko.ee\/fi\/#website"},"datePublished":"2017-08-22T11:13:10+00:00","dateModified":"2018-04-09T10:56:46+00:00","description":"Produktutveckling. Vi \u00e4r stolta \u00f6ver v\u00e5ra originella produkter som \u00e4r anpassade till efterfr\u00e5gan p\u00e5 marknaden. V\u00e5ra m\u00f6bler s\u00e4ljs i flera l\u00e4nder och varje marknad har olika krav p\u00e5 design och stil som \u00e4r en sp\u00e4nnande utmaning f\u00f6r v\u00e5ra produktutvecklare. Vanligtvis visar vi v\u00e5ra produkter p\u00e5 3-5 olika m\u00e4ssor varje \u00e5r.","breadcrumb":{"@id":"https:\/\/ermatiko.ee\/sv\/produktutveckling\/#breadcrumb"},"inLanguage":"sv-SE","potentialAction":[{"@type":"ReadAction","target":["https:\/\/ermatiko.ee\/sv\/produktutveckling\/"]}]},{"@type":"BreadcrumbList","@id":"https:\/\/ermatiko.ee\/sv\/produktutveckling\/#breadcrumb","itemListElement":[{"@type":"ListItem","position":1,"name":"Home","item":"https:\/\/ermatiko.ee\/sv\/"},{"@type":"ListItem","position":2,"name":"Produktutveckling"}]},{"@type":"WebSite","@id":"https:\/\/ermatiko.ee\/fi\/#website","url":"https:\/\/ermatiko.ee\/fi\/","name":"Ermatiko","description":"","potentialAction":[{"@type":"SearchAction","target":{"@type":"EntryPoint","urlTemplate":"https:\/\/ermatiko.ee\/fi\/?s={search_term_string}"},"query-input":{"@type":"PropertyValueSpecification","valueRequired":true,"valueName":"search_term_string"}}],"inLanguage":"sv-SE"}]}},"jetpack_sharing_enabled":true,"jetpack_shortlink":"https:\/\/wp.me\/P9Je0v-2xD","_links":{"self":[{"href":"https:\/\/ermatiko.ee\/sv\/wp-json\/wp\/v2\/pages\/9773"}],"collection":[{"href":"https:\/\/ermatiko.ee\/sv\/wp-json\/wp\/v2\/pages"}],"about":[{"href":"https:\/\/ermatiko.ee\/sv\/wp-json\/wp\/v2\/types\/page"}],"author":[{"embeddable":true,"href":"https:\/\/ermatiko.ee\/sv\/wp-json\/wp\/v2\/users\/1"}],"replies":[{"embeddable":true,"href":"https:\/\/ermatiko.ee\/sv\/wp-json\/wp\/v2\/comments?post=9773"}],"version-history":[{"count":3,"href":"https:\/\/ermatiko.ee\/sv\/wp-json\/wp\/v2\/pages\/9773\/revisions"}],"predecessor-version":[{"id":9978,"href":"https:\/\/ermatiko.ee\/sv\/wp-json\/wp\/v2\/pages\/9773\/revisions\/9978"}],"wp:attachment":[{"href":"https:\/\/ermatiko.ee\/sv\/wp-json\/wp\/v2\/media?parent=9773"}],"curies":[{"name":"wp","href":"https:\/\/api.w.org\/{rel}","templated":true}]}}