{"id":9777,"date":"2017-08-22T14:13:25","date_gmt":"2017-08-22T11:13:25","guid":{"rendered":"https:\/\/ermatiko.ee\/contact\/"},"modified":"2024-02-23T10:36:40","modified_gmt":"2024-02-23T08:36:40","slug":"kontakt","status":"publish","type":"page","link":"https:\/\/ermatiko.ee\/sv\/kontakt\/","title":{"rendered":"Kontakt"},"content":{"rendered":"","protected":false},"excerpt":{"rendered":"","protected":false},"author":1,"featured_media":0,"parent":0,"menu_order":40,"comment_status":"closed","ping_status":"closed","template":"","meta":{"_acf_changed":false,"inline_featured_image":false,"footnotes":""},"class_list":["post-9777","page","type-page","status-publish","hentry"],"acf":[],"yoast_head":"<!-- This site is optimized with the Yoast SEO plugin v25.6 - https:\/\/yoast.com\/wordpress\/plugins\/seo\/ -->\n<title>Kontakt - Ermatiko<\/title>\n<meta name=\"description\" content=\"Ermatiko O\u00dc kontakt: T\u00f6\u00f6stuse 13, Laabi k\u00fcla, Harku vald, 76922, Harju mk, Estland. tel.: +372 6055 265, +372 6055 262; e-post:\u00a0mail@ermatiko.ee. V\u00e4nligen kontakta oss om du beh\u00f6ver stopp- m\u00f6bler. Showroom kontakt: ermatiko@ermatiko.ee; +372 6032121\" \/>\n<meta name=\"robots\" content=\"index, follow, max-snippet:-1, max-image-preview:large, max-video-preview:-1\" \/>\n<link rel=\"canonical\" href=\"https:\/\/ermatiko.ee\/sv\/kontakt\/\" \/>\n<meta property=\"og:locale\" content=\"sv_SE\" \/>\n<meta property=\"og:type\" content=\"article\" \/>\n<meta property=\"og:title\" content=\"Kontakt - Ermatiko\" \/>\n<meta property=\"og:description\" content=\"Ermatiko O\u00dc kontakt: T\u00f6\u00f6stuse 13, Laabi k\u00fcla, Harku vald, 76922, Harju mk, Estland. tel.: +372 6055 265, +372 6055 262; e-post:\u00a0mail@ermatiko.ee. V\u00e4nligen kontakta oss om du beh\u00f6ver stopp- m\u00f6bler. Showroom kontakt: ermatiko@ermatiko.ee; +372 6032121\" \/>\n<meta property=\"og:url\" content=\"https:\/\/ermatiko.ee\/sv\/kontakt\/\" \/>\n<meta property=\"og:site_name\" content=\"Ermatiko\" \/>\n<meta property=\"article:modified_time\" content=\"2024-02-23T08:36:40+00:00\" \/>\n<meta name=\"twitter:card\" content=\"summary_large_image\" \/>\n<script type=\"application\/ld+json\" class=\"yoast-schema-graph\">{\"@context\":\"https:\/\/schema.org\",\"@graph\":[{\"@type\":\"WebPage\",\"@id\":\"https:\/\/ermatiko.ee\/sv\/kontakt\/\",\"url\":\"https:\/\/ermatiko.ee\/sv\/kontakt\/\",\"name\":\"Kontakt - Ermatiko\",\"isPartOf\":{\"@id\":\"https:\/\/ermatiko.ee\/fi\/#website\"},\"datePublished\":\"2017-08-22T11:13:25+00:00\",\"dateModified\":\"2024-02-23T08:36:40+00:00\",\"description\":\"Ermatiko O\u00dc kontakt: T\u00f6\u00f6stuse 13, Laabi k\u00fcla, Harku vald, 76922, Harju mk, Estland. tel.: +372 6055 265, +372 6055 262; e-post:\u00a0mail@ermatiko.ee. V\u00e4nligen kontakta oss om du beh\u00f6ver stopp- m\u00f6bler. Showroom kontakt: ermatiko@ermatiko.ee; +372 6032121\",\"breadcrumb\":{\"@id\":\"https:\/\/ermatiko.ee\/sv\/kontakt\/#breadcrumb\"},\"inLanguage\":\"sv-SE\",\"potentialAction\":[{\"@type\":\"ReadAction\",\"target\":[\"https:\/\/ermatiko.ee\/sv\/kontakt\/\"]}]},{\"@type\":\"BreadcrumbList\",\"@id\":\"https:\/\/ermatiko.ee\/sv\/kontakt\/#breadcrumb\",\"itemListElement\":[{\"@type\":\"ListItem\",\"position\":1,\"name\":\"Home\",\"item\":\"https:\/\/ermatiko.ee\/sv\/\"},{\"@type\":\"ListItem\",\"position\":2,\"name\":\"Kontakt\"}]},{\"@type\":\"WebSite\",\"@id\":\"https:\/\/ermatiko.ee\/fi\/#website\",\"url\":\"https:\/\/ermatiko.ee\/fi\/\",\"name\":\"Ermatiko\",\"description\":\"\",\"potentialAction\":[{\"@type\":\"SearchAction\",\"target\":{\"@type\":\"EntryPoint\",\"urlTemplate\":\"https:\/\/ermatiko.ee\/fi\/?s={search_term_string}\"},\"query-input\":{\"@type\":\"PropertyValueSpecification\",\"valueRequired\":true,\"valueName\":\"search_term_string\"}}],\"inLanguage\":\"sv-SE\"}]}<\/script>\n<!-- \/ Yoast SEO plugin. -->","yoast_head_json":{"title":"Kontakt - Ermatiko","description":"Ermatiko O\u00dc kontakt: T\u00f6\u00f6stuse 13, Laabi k\u00fcla, Harku vald, 76922, Harju mk, Estland. tel.: +372 6055 265, +372 6055 262; e-post:\u00a0mail@ermatiko.ee. V\u00e4nligen kontakta oss om du beh\u00f6ver stopp- m\u00f6bler. Showroom kontakt: ermatiko@ermatiko.ee; +372 6032121","robots":{"index":"index","follow":"follow","max-snippet":"max-snippet:-1","max-image-preview":"max-image-preview:large","max-video-preview":"max-video-preview:-1"},"canonical":"https:\/\/ermatiko.ee\/sv\/kontakt\/","og_locale":"sv_SE","og_type":"article","og_title":"Kontakt - Ermatiko","og_description":"Ermatiko O\u00dc kontakt: T\u00f6\u00f6stuse 13, Laabi k\u00fcla, Harku vald, 76922, Harju mk, Estland. tel.: +372 6055 265, +372 6055 262; e-post:\u00a0mail@ermatiko.ee. V\u00e4nligen kontakta oss om du beh\u00f6ver stopp- m\u00f6bler. Showroom kontakt: ermatiko@ermatiko.ee; +372 6032121","og_url":"https:\/\/ermatiko.ee\/sv\/kontakt\/","og_site_name":"Ermatiko","article_modified_time":"2024-02-23T08:36:40+00:00","twitter_card":"summary_large_image","schema":{"@context":"https:\/\/schema.org","@graph":[{"@type":"WebPage","@id":"https:\/\/ermatiko.ee\/sv\/kontakt\/","url":"https:\/\/ermatiko.ee\/sv\/kontakt\/","name":"Kontakt - Ermatiko","isPartOf":{"@id":"https:\/\/ermatiko.ee\/fi\/#website"},"datePublished":"2017-08-22T11:13:25+00:00","dateModified":"2024-02-23T08:36:40+00:00","description":"Ermatiko O\u00dc kontakt: T\u00f6\u00f6stuse 13, Laabi k\u00fcla, Harku vald, 76922, Harju mk, Estland. tel.: +372 6055 265, +372 6055 262; e-post:\u00a0mail@ermatiko.ee. V\u00e4nligen kontakta oss om du beh\u00f6ver stopp- m\u00f6bler. Showroom kontakt: ermatiko@ermatiko.ee; +372 6032121","breadcrumb":{"@id":"https:\/\/ermatiko.ee\/sv\/kontakt\/#breadcrumb"},"inLanguage":"sv-SE","potentialAction":[{"@type":"ReadAction","target":["https:\/\/ermatiko.ee\/sv\/kontakt\/"]}]},{"@type":"BreadcrumbList","@id":"https:\/\/ermatiko.ee\/sv\/kontakt\/#breadcrumb","itemListElement":[{"@type":"ListItem","position":1,"name":"Home","item":"https:\/\/ermatiko.ee\/sv\/"},{"@type":"ListItem","position":2,"name":"Kontakt"}]},{"@type":"WebSite","@id":"https:\/\/ermatiko.ee\/fi\/#website","url":"https:\/\/ermatiko.ee\/fi\/","name":"Ermatiko","description":"","potentialAction":[{"@type":"SearchAction","target":{"@type":"EntryPoint","urlTemplate":"https:\/\/ermatiko.ee\/fi\/?s={search_term_string}"},"query-input":{"@type":"PropertyValueSpecification","valueRequired":true,"valueName":"search_term_string"}}],"inLanguage":"sv-SE"}]}},"jetpack_sharing_enabled":true,"jetpack_shortlink":"https:\/\/wp.me\/P9Je0v-2xH","_links":{"self":[{"href":"https:\/\/ermatiko.ee\/sv\/wp-json\/wp\/v2\/pages\/9777"}],"collection":[{"href":"https:\/\/ermatiko.ee\/sv\/wp-json\/wp\/v2\/pages"}],"about":[{"href":"https:\/\/ermatiko.ee\/sv\/wp-json\/wp\/v2\/types\/page"}],"author":[{"embeddable":true,"href":"https:\/\/ermatiko.ee\/sv\/wp-json\/wp\/v2\/users\/1"}],"replies":[{"embeddable":true,"href":"https:\/\/ermatiko.ee\/sv\/wp-json\/wp\/v2\/comments?post=9777"}],"version-history":[{"count":4,"href":"https:\/\/ermatiko.ee\/sv\/wp-json\/wp\/v2\/pages\/9777\/revisions"}],"predecessor-version":[{"id":61870,"href":"https:\/\/ermatiko.ee\/sv\/wp-json\/wp\/v2\/pages\/9777\/revisions\/61870"}],"wp:attachment":[{"href":"https:\/\/ermatiko.ee\/sv\/wp-json\/wp\/v2\/media?parent=9777"}],"curies":[{"name":"wp","href":"https:\/\/api.w.org\/{rel}","templated":true}]}}